{"id":51,"date":"2024-12-29T09:52:48","date_gmt":"2024-12-29T09:52:48","guid":{"rendered":"http:\/\/www.tepinpirssi.fi\/?page_id=51"},"modified":"2025-12-10T09:36:21","modified_gmt":"2025-12-10T09:36:21","slug":"etusivu","status":"publish","type":"page","link":"https:\/\/www.tepinpirssi.fi\/","title":{"rendered":"ETUSIVU"},"content":{"rendered":"\n<p class=\"has-text-align-center has-white-color has-text-color has-background has-link-color wp-elements-62f5906e2454694561e91e622833be89\" style=\"background:linear-gradient(135deg,rgba(7,146,227,0.69) 0%,rgb(29,247,255) 100%);font-size:50px\"><strong id=\"kalusto\">KALUSTO<\/strong><\/p>\n\n\n\n<p class=\"has-text-align-center has-black-color has-text-color has-link-color has-medium-font-size wp-elements-02658aa6fb6ffd3e04a1a917eceada4c\"><strong>MERCEDES-BENZ CLA 200<br><\/strong>1 + 4 paikkainen<\/p>\n\n\n\n<div class=\"wp-block-group\"><div class=\"wp-block-group__inner-container is-layout-constrained wp-block-group-is-layout-constrained\"><div class=\"wp-block-image is-style-rounded\">\n<figure class=\"aligncenter size-full is-resized\"><img loading=\"lazy\" decoding=\"async\" width=\"1200\" height=\"1277\" src=\"https:\/\/www.tepinpirssi.fi\/wp-content\/uploads\/2025\/12\/MB_CLA_200.jpg\" alt=\"\" class=\"wp-image-222\" style=\"width:576px;height:auto\" srcset=\"https:\/\/www.tepinpirssi.fi\/wp-content\/uploads\/2025\/12\/MB_CLA_200.jpg 1200w, https:\/\/www.tepinpirssi.fi\/wp-content\/uploads\/2025\/12\/MB_CLA_200-282x300.jpg 282w, https:\/\/www.tepinpirssi.fi\/wp-content\/uploads\/2025\/12\/MB_CLA_200-962x1024.jpg 962w, https:\/\/www.tepinpirssi.fi\/wp-content\/uploads\/2025\/12\/MB_CLA_200-768x817.jpg 768w\" sizes=\"auto, (max-width: 1200px) 100vw, 1200px\" \/><\/figure>\n<\/div>\n\n\n<hr class=\"wp-block-separator has-alpha-channel-opacity\"\/>\n\n\n\n<p class=\"has-text-align-center has-black-color has-text-color has-link-color has-medium-font-size wp-elements-87a2ff4392b1076d237bbc4a23ec0abf\"><strong>FORD CONNECT<br><\/strong>1 + 6 paikkainen | Inva<\/p>\n\n\n<div class=\"wp-block-image is-style-rounded\">\n<figure class=\"aligncenter size-full is-resized\"><img loading=\"lazy\" decoding=\"async\" width=\"1000\" height=\"700\" src=\"https:\/\/www.tepinpirssi.fi\/wp-content\/uploads\/2024\/12\/Ford_Connect.jpg\" alt=\"Taksikyydit - Etel\u00e4-Pirkanmaa\" class=\"wp-image-27\" style=\"width:600px\" srcset=\"https:\/\/www.tepinpirssi.fi\/wp-content\/uploads\/2024\/12\/Ford_Connect.jpg 1000w, https:\/\/www.tepinpirssi.fi\/wp-content\/uploads\/2024\/12\/Ford_Connect-300x210.jpg 300w, https:\/\/www.tepinpirssi.fi\/wp-content\/uploads\/2024\/12\/Ford_Connect-768x538.jpg 768w\" sizes=\"auto, (max-width: 1000px) 100vw, 1000px\" \/><\/figure>\n<\/div>\n\n\n<hr class=\"wp-block-separator has-alpha-channel-opacity\"\/>\n\n\n\n<p class=\"has-text-align-center has-black-color has-text-color has-link-color has-medium-font-size wp-elements-2d834b802f154562db4149940981ba7d\"><strong>FORD TRANSIT<\/strong><br>1 + 8 paikkainen | Inva (hissi)<\/p>\n\n\n<div class=\"wp-block-image is-style-rounded\">\n<figure class=\"aligncenter size-full is-resized\"><img loading=\"lazy\" decoding=\"async\" width=\"1000\" height=\"718\" src=\"https:\/\/www.tepinpirssi.fi\/wp-content\/uploads\/2024\/12\/Ford_Transit.jpg\" alt=\"Inva Taksi\" class=\"wp-image-33\" style=\"width:600px\" srcset=\"https:\/\/www.tepinpirssi.fi\/wp-content\/uploads\/2024\/12\/Ford_Transit.jpg 1000w, https:\/\/www.tepinpirssi.fi\/wp-content\/uploads\/2024\/12\/Ford_Transit-300x215.jpg 300w, https:\/\/www.tepinpirssi.fi\/wp-content\/uploads\/2024\/12\/Ford_Transit-768x551.jpg 768w\" sizes=\"auto, (max-width: 1000px) 100vw, 1000px\" \/><\/figure>\n<\/div>\n\n\n<hr class=\"wp-block-separator has-alpha-channel-opacity\"\/>\n\n\n\n<p class=\"has-text-align-center has-black-color has-text-color has-link-color has-medium-font-size wp-elements-ca3c58f05067233d521a74f0baadece7\"><strong>MERCEDES-BENZ SPRINTER<\/strong><br>1 + 8 paikkainen | Inva (hissi)<\/p>\n\n\n<div class=\"wp-block-image is-style-rounded\">\n<figure class=\"aligncenter size-full is-resized\"><img loading=\"lazy\" decoding=\"async\" width=\"1000\" height=\"864\" src=\"https:\/\/www.tepinpirssi.fi\/wp-content\/uploads\/2024\/12\/Mercedes_Benz_Sprinter.jpg\" alt=\"Taksi - Valkeakoski\" class=\"wp-image-34\" style=\"width:600px\" srcset=\"https:\/\/www.tepinpirssi.fi\/wp-content\/uploads\/2024\/12\/Mercedes_Benz_Sprinter.jpg 1000w, https:\/\/www.tepinpirssi.fi\/wp-content\/uploads\/2024\/12\/Mercedes_Benz_Sprinter-300x259.jpg 300w, https:\/\/www.tepinpirssi.fi\/wp-content\/uploads\/2024\/12\/Mercedes_Benz_Sprinter-768x664.jpg 768w\" sizes=\"auto, (max-width: 1000px) 100vw, 1000px\" \/><\/figure>\n<\/div>\n\n\n<hr class=\"wp-block-separator has-alpha-channel-opacity\"\/>\n<\/div><\/div>\n\n\n\n<p class=\"has-text-align-center has-white-color has-text-color has-background has-link-color wp-elements-7589070f9ce2a2578f86def54000de37\" id=\"yhteystiedot\" style=\"background:linear-gradient(135deg,rgba(7,146,227,0.69) 0%,rgb(29,247,255) 100%);font-size:40px\">YHTEYSTIEDOT<\/p>\n\n\n\n<p class=\"has-text-align-center has-black-color has-text-color has-link-color has-large-font-size wp-elements-122a735f2cd15a780d4e93f27df41be2\"><strong>TEPIN PIRSSI<\/strong><\/p>\n\n\n\n<p class=\"has-text-align-center has-black-color has-text-color has-link-color wp-elements-c852adf8a362a8aa124000968bf0fb7c\"><strong>TEPPO V\u00c4LIM\u00c4KI<\/strong><br>045 111 7055<br>tarjoukset(\u00e4t)tepinpirssi.fi<br><br>TeeVee Artatsi |&nbsp;Y-tunnus 1777439-5<\/p>\n\n\n\n<p class=\"has-text-align-center has-black-color has-text-color has-link-color has-medium-font-size wp-elements-6ca7757c43ceaafccbf85b605c2c97de\"><strong><span style=\"text-decoration: underline;\">TILAUSAJOT RYHMILLE<\/span><\/strong><br>50-PAIKKAINEN LINJA-AUTO<strong><br><a href=\"http:\/\/www.suomenbussiliikenne.fi\">www.suomenbussiliikenne.fi<\/a><\/strong><\/p>\n\n\n<div class=\"wp-block-image\">\n<figure class=\"aligncenter size-large is-resized\"><img loading=\"lazy\" decoding=\"async\" width=\"1024\" height=\"1024\" src=\"https:\/\/www.tepinpirssi.fi\/wp-content\/uploads\/2024\/12\/Nimeton-malli-24-1024x1024.png\" alt=\"\" class=\"wp-image-206\" style=\"width:400px\" srcset=\"https:\/\/www.tepinpirssi.fi\/wp-content\/uploads\/2024\/12\/Nimeton-malli-24-1024x1024.png 1024w, https:\/\/www.tepinpirssi.fi\/wp-content\/uploads\/2024\/12\/Nimeton-malli-24-300x300.png 300w, https:\/\/www.tepinpirssi.fi\/wp-content\/uploads\/2024\/12\/Nimeton-malli-24-150x150.png 150w, https:\/\/www.tepinpirssi.fi\/wp-content\/uploads\/2024\/12\/Nimeton-malli-24-768x768.png 768w, https:\/\/www.tepinpirssi.fi\/wp-content\/uploads\/2024\/12\/Nimeton-malli-24.png 1080w\" sizes=\"auto, (max-width: 1024px) 100vw, 1024px\" \/><\/figure>\n<\/div>","protected":false},"excerpt":{"rendered":"<p>KALUSTO MERCEDES-BENZ CLA 2001 + 4 paikkainen FORD CONNECT1 + 6 paikkainen | [&hellip;]<\/p>\n","protected":false},"author":1,"featured_media":0,"parent":0,"menu_order":0,"comment_status":"closed","ping_status":"closed","template":"page-templates\/homepage.php","meta":{"footnotes":""},"class_list":["post-51","page","type-page","status-publish","hentry"],"yoast_head":"<!-- This site is optimized with the Yoast SEO plugin v27.3 - https:\/\/yoast.com\/product\/yoast-seo-wordpress\/ -->\n<title>ETUSIVU - Tepin Pirssi - Sinne sun t&auml;nne...ja vaikka minne!<\/title>\n<meta name=\"description\" content=\"Tepin Pirssin kotipaikka on Etel\u00e4-Pirkanmaalla sijaitseva Valkeakoski, mist\u00e4 operoimme ymp\u00e4ri Suomen joustavasti ja luotettavasti.\" \/>\n<meta name=\"robots\" content=\"index, follow, max-snippet:-1, max-image-preview:large, max-video-preview:-1\" \/>\n<link rel=\"canonical\" href=\"https:\/\/www.tepinpirssi.fi\/\" \/>\n<meta property=\"og:locale\" content=\"fi_FI\" \/>\n<meta property=\"og:type\" content=\"article\" \/>\n<meta property=\"og:title\" content=\"ETUSIVU - Tepin Pirssi - Sinne sun t&auml;nne...ja vaikka minne!\" \/>\n<meta property=\"og:description\" content=\"Tepin Pirssin kotipaikka on Etel\u00e4-Pirkanmaalla sijaitseva Valkeakoski, mist\u00e4 operoimme ymp\u00e4ri Suomen joustavasti ja luotettavasti.\" \/>\n<meta property=\"og:url\" content=\"https:\/\/www.tepinpirssi.fi\/\" \/>\n<meta property=\"og:site_name\" content=\"Tepin Pirssi - Sinne sun t&auml;nne...ja vaikka minne!\" \/>\n<meta property=\"article:modified_time\" content=\"2025-12-10T09:36:21+00:00\" \/>\n<meta property=\"og:image\" content=\"https:\/\/www.tepinpirssi.fi\/wp-content\/uploads\/2025\/12\/MB_CLA_200.jpg\" \/>\n\t<meta property=\"og:image:width\" content=\"1200\" \/>\n\t<meta property=\"og:image:height\" content=\"1277\" \/>\n\t<meta property=\"og:image:type\" content=\"image\/jpeg\" \/>\n<meta name=\"twitter:card\" content=\"summary_large_image\" \/>\n<meta name=\"twitter:label1\" content=\"Arvioitu lukuaika\" \/>\n\t<meta name=\"twitter:data1\" content=\"2 minuuttia\" \/>\n<script type=\"application\/ld+json\" class=\"yoast-schema-graph\">{\"@context\":\"https:\\\/\\\/schema.org\",\"@graph\":[{\"@type\":\"WebPage\",\"@id\":\"https:\\\/\\\/www.tepinpirssi.fi\\\/\",\"url\":\"https:\\\/\\\/www.tepinpirssi.fi\\\/\",\"name\":\"ETUSIVU - Tepin Pirssi - Sinne sun t&auml;nne...ja vaikka minne!\",\"isPartOf\":{\"@id\":\"https:\\\/\\\/www.tepinpirssi.fi\\\/#website\"},\"primaryImageOfPage\":{\"@id\":\"https:\\\/\\\/www.tepinpirssi.fi\\\/#primaryimage\"},\"image\":{\"@id\":\"https:\\\/\\\/www.tepinpirssi.fi\\\/#primaryimage\"},\"thumbnailUrl\":\"https:\\\/\\\/www.tepinpirssi.fi\\\/wp-content\\\/uploads\\\/2025\\\/12\\\/MB_CLA_200.jpg\",\"datePublished\":\"2024-12-29T09:52:48+00:00\",\"dateModified\":\"2025-12-10T09:36:21+00:00\",\"description\":\"Tepin Pirssin kotipaikka on Etel\u00e4-Pirkanmaalla sijaitseva Valkeakoski, mist\u00e4 operoimme ymp\u00e4ri Suomen joustavasti ja luotettavasti.\",\"breadcrumb\":{\"@id\":\"https:\\\/\\\/www.tepinpirssi.fi\\\/#breadcrumb\"},\"inLanguage\":\"fi\",\"potentialAction\":[{\"@type\":\"ReadAction\",\"target\":[\"https:\\\/\\\/www.tepinpirssi.fi\\\/\"]}]},{\"@type\":\"ImageObject\",\"inLanguage\":\"fi\",\"@id\":\"https:\\\/\\\/www.tepinpirssi.fi\\\/#primaryimage\",\"url\":\"https:\\\/\\\/www.tepinpirssi.fi\\\/wp-content\\\/uploads\\\/2025\\\/12\\\/MB_CLA_200.jpg\",\"contentUrl\":\"https:\\\/\\\/www.tepinpirssi.fi\\\/wp-content\\\/uploads\\\/2025\\\/12\\\/MB_CLA_200.jpg\",\"width\":1200,\"height\":1277},{\"@type\":\"BreadcrumbList\",\"@id\":\"https:\\\/\\\/www.tepinpirssi.fi\\\/#breadcrumb\",\"itemListElement\":[{\"@type\":\"ListItem\",\"position\":1,\"name\":\"Etusivu\",\"item\":\"https:\\\/\\\/www.tepinpirssi.fi\\\/\"},{\"@type\":\"ListItem\",\"position\":2,\"name\":\"ETUSIVU\"}]},{\"@type\":\"WebSite\",\"@id\":\"https:\\\/\\\/www.tepinpirssi.fi\\\/#website\",\"url\":\"https:\\\/\\\/www.tepinpirssi.fi\\\/\",\"name\":\"Tepin Pirssi - Taksi joka operoi ymp\u00e4ri Suomen\",\"description\":\"Taksi Valkeakoski\",\"publisher\":{\"@id\":\"https:\\\/\\\/www.tepinpirssi.fi\\\/#organization\"},\"potentialAction\":[{\"@type\":\"SearchAction\",\"target\":{\"@type\":\"EntryPoint\",\"urlTemplate\":\"https:\\\/\\\/www.tepinpirssi.fi\\\/?s={search_term_string}\"},\"query-input\":{\"@type\":\"PropertyValueSpecification\",\"valueRequired\":true,\"valueName\":\"search_term_string\"}}],\"inLanguage\":\"fi\"},{\"@type\":\"Organization\",\"@id\":\"https:\\\/\\\/www.tepinpirssi.fi\\\/#organization\",\"name\":\"Tepin Pirssi\",\"url\":\"https:\\\/\\\/www.tepinpirssi.fi\\\/\",\"logo\":{\"@type\":\"ImageObject\",\"inLanguage\":\"fi\",\"@id\":\"https:\\\/\\\/www.tepinpirssi.fi\\\/#\\\/schema\\\/logo\\\/image\\\/\",\"url\":\"https:\\\/\\\/www.tepinpirssi.fi\\\/wp-content\\\/uploads\\\/2024\\\/12\\\/www_banner_2-1.png\",\"contentUrl\":\"https:\\\/\\\/www.tepinpirssi.fi\\\/wp-content\\\/uploads\\\/2024\\\/12\\\/www_banner_2-1.png\",\"width\":3000,\"height\":1136,\"caption\":\"Tepin Pirssi\"},\"image\":{\"@id\":\"https:\\\/\\\/www.tepinpirssi.fi\\\/#\\\/schema\\\/logo\\\/image\\\/\"}}]}<\/script>\n<!-- \/ Yoast SEO plugin. -->","yoast_head_json":{"title":"ETUSIVU - Tepin Pirssi - Sinne sun t&auml;nne...ja vaikka minne!","description":"Tepin Pirssin kotipaikka on Etel\u00e4-Pirkanmaalla sijaitseva Valkeakoski, mist\u00e4 operoimme ymp\u00e4ri Suomen joustavasti ja luotettavasti.","robots":{"index":"index","follow":"follow","max-snippet":"max-snippet:-1","max-image-preview":"max-image-preview:large","max-video-preview":"max-video-preview:-1"},"canonical":"https:\/\/www.tepinpirssi.fi\/","og_locale":"fi_FI","og_type":"article","og_title":"ETUSIVU - Tepin Pirssi - Sinne sun t&auml;nne...ja vaikka minne!","og_description":"Tepin Pirssin kotipaikka on Etel\u00e4-Pirkanmaalla sijaitseva Valkeakoski, mist\u00e4 operoimme ymp\u00e4ri Suomen joustavasti ja luotettavasti.","og_url":"https:\/\/www.tepinpirssi.fi\/","og_site_name":"Tepin Pirssi - Sinne sun t&auml;nne...ja vaikka minne!","article_modified_time":"2025-12-10T09:36:21+00:00","og_image":[{"width":1200,"height":1277,"url":"https:\/\/www.tepinpirssi.fi\/wp-content\/uploads\/2025\/12\/MB_CLA_200.jpg","type":"image\/jpeg"}],"twitter_card":"summary_large_image","twitter_misc":{"Arvioitu lukuaika":"2 minuuttia"},"schema":{"@context":"https:\/\/schema.org","@graph":[{"@type":"WebPage","@id":"https:\/\/www.tepinpirssi.fi\/","url":"https:\/\/www.tepinpirssi.fi\/","name":"ETUSIVU - Tepin Pirssi - Sinne sun t&auml;nne...ja vaikka minne!","isPartOf":{"@id":"https:\/\/www.tepinpirssi.fi\/#website"},"primaryImageOfPage":{"@id":"https:\/\/www.tepinpirssi.fi\/#primaryimage"},"image":{"@id":"https:\/\/www.tepinpirssi.fi\/#primaryimage"},"thumbnailUrl":"https:\/\/www.tepinpirssi.fi\/wp-content\/uploads\/2025\/12\/MB_CLA_200.jpg","datePublished":"2024-12-29T09:52:48+00:00","dateModified":"2025-12-10T09:36:21+00:00","description":"Tepin Pirssin kotipaikka on Etel\u00e4-Pirkanmaalla sijaitseva Valkeakoski, mist\u00e4 operoimme ymp\u00e4ri Suomen joustavasti ja luotettavasti.","breadcrumb":{"@id":"https:\/\/www.tepinpirssi.fi\/#breadcrumb"},"inLanguage":"fi","potentialAction":[{"@type":"ReadAction","target":["https:\/\/www.tepinpirssi.fi\/"]}]},{"@type":"ImageObject","inLanguage":"fi","@id":"https:\/\/www.tepinpirssi.fi\/#primaryimage","url":"https:\/\/www.tepinpirssi.fi\/wp-content\/uploads\/2025\/12\/MB_CLA_200.jpg","contentUrl":"https:\/\/www.tepinpirssi.fi\/wp-content\/uploads\/2025\/12\/MB_CLA_200.jpg","width":1200,"height":1277},{"@type":"BreadcrumbList","@id":"https:\/\/www.tepinpirssi.fi\/#breadcrumb","itemListElement":[{"@type":"ListItem","position":1,"name":"Etusivu","item":"https:\/\/www.tepinpirssi.fi\/"},{"@type":"ListItem","position":2,"name":"ETUSIVU"}]},{"@type":"WebSite","@id":"https:\/\/www.tepinpirssi.fi\/#website","url":"https:\/\/www.tepinpirssi.fi\/","name":"Tepin Pirssi - Taksi joka operoi ymp\u00e4ri Suomen","description":"Taksi Valkeakoski","publisher":{"@id":"https:\/\/www.tepinpirssi.fi\/#organization"},"potentialAction":[{"@type":"SearchAction","target":{"@type":"EntryPoint","urlTemplate":"https:\/\/www.tepinpirssi.fi\/?s={search_term_string}"},"query-input":{"@type":"PropertyValueSpecification","valueRequired":true,"valueName":"search_term_string"}}],"inLanguage":"fi"},{"@type":"Organization","@id":"https:\/\/www.tepinpirssi.fi\/#organization","name":"Tepin Pirssi","url":"https:\/\/www.tepinpirssi.fi\/","logo":{"@type":"ImageObject","inLanguage":"fi","@id":"https:\/\/www.tepinpirssi.fi\/#\/schema\/logo\/image\/","url":"https:\/\/www.tepinpirssi.fi\/wp-content\/uploads\/2024\/12\/www_banner_2-1.png","contentUrl":"https:\/\/www.tepinpirssi.fi\/wp-content\/uploads\/2024\/12\/www_banner_2-1.png","width":3000,"height":1136,"caption":"Tepin Pirssi"},"image":{"@id":"https:\/\/www.tepinpirssi.fi\/#\/schema\/logo\/image\/"}}]}},"_links":{"self":[{"href":"https:\/\/www.tepinpirssi.fi\/index.php?rest_route=\/wp\/v2\/pages\/51","targetHints":{"allow":["GET"]}}],"collection":[{"href":"https:\/\/www.tepinpirssi.fi\/index.php?rest_route=\/wp\/v2\/pages"}],"about":[{"href":"https:\/\/www.tepinpirssi.fi\/index.php?rest_route=\/wp\/v2\/types\/page"}],"author":[{"embeddable":true,"href":"https:\/\/www.tepinpirssi.fi\/index.php?rest_route=\/wp\/v2\/users\/1"}],"replies":[{"embeddable":true,"href":"https:\/\/www.tepinpirssi.fi\/index.php?rest_route=%2Fwp%2Fv2%2Fcomments&post=51"}],"version-history":[{"count":38,"href":"https:\/\/www.tepinpirssi.fi\/index.php?rest_route=\/wp\/v2\/pages\/51\/revisions"}],"predecessor-version":[{"id":223,"href":"https:\/\/www.tepinpirssi.fi\/index.php?rest_route=\/wp\/v2\/pages\/51\/revisions\/223"}],"wp:attachment":[{"href":"https:\/\/www.tepinpirssi.fi\/index.php?rest_route=%2Fwp%2Fv2%2Fmedia&parent=51"}],"curies":[{"name":"wp","href":"https:\/\/api.w.org\/{rel}","templated":true}]}}